{"id":58,"date":"2021-02-17T13:55:54","date_gmt":"2021-02-17T13:55:54","guid":{"rendered":"https:\/\/3dworks.ch\/?page_id=58"},"modified":"2021-06-28T14:45:07","modified_gmt":"2021-06-28T14:45:07","slug":"datenschutz","status":"publish","type":"page","link":"https:\/\/3dworks.ch\/index.php\/datenschutz\/","title":{"rendered":"Datenschutz"},"content":{"rendered":"\n<h4 class=\"wp-block-heading\">Verwendung von Cookies<\/h4>\n\n\n\n<p>Diese Website verwendet Cookies. Cookies sind kleine Textdateien, die beim Besuch dieser Website in Ihrem Computer dauerhaft oder tempor\u00e4r gespeichert werden. Zweck der Cookies ist insbesondere die Analyse der Nutzung dieser Website zur statistischen Auswertung sowie f\u00fcr kontinuierliche Verbesserungen. In Ihrem Browser k\u00f6nnen Sie Cookies in den Einstellungen jederzeit ganz oder teilweise deaktivieren. Bei deaktivierten Cookies stehen Ihnen allenfalls nicht mehr alle Funktionen dieser Website zur Verf\u00fcgung.<\/p>\n\n\n\n<h4 class=\"wp-block-heading\">Pers\u00f6nliche Daten<\/h4>\n\n\n\n<p>Gest\u00fctzt auf Artikel 13 der schweizerischen Bundesverfassung und die datenschutzrechtlichen Bestimmungen des Bundes (Datenschutzgesetz, DSG) hat jede Person Anspruch auf Schutz ihrer Privatsph\u00e4re sowie auf Schutz vor Missbrauch ihrer pers\u00f6nlichen Daten. Wir halten diese Bestimmungen ein. Pers\u00f6nliche Daten werden streng vertraulich behandelt und weder an Dritte verkauft noch weiter gegeben. In enger Zusammenarbeit mit unseren Hosting-Providern bem\u00fchen wir uns, die Datenbanken so gut wie m\u00f6glich vor fremden Zugriffen, Verlusten, Missbrauch oder vor F\u00e4lschung zu sch\u00fctzen. Beim Zugriff auf unsere Webseiten werden folgende Daten in Logfiles gespeichert: IP-Adresse, Datum, Uhrzeit, Browser-Anfrage und allg. \u00fcbertragene Informationen zum Betriebssystem resp. Browser. Diese Nutzungsdaten bilden die Basis f\u00fcr statistische, anonyme Auswertungen, so dass Trends erkennbar sind, anhand derer wir unsere Angebote entsprechend verbessern k\u00f6nnen.<\/p>\n\n\n\n<h4 class=\"wp-block-heading\">Urheberrechte<\/h4>\n\n\n\n<p>Die Urheber- und alle anderen Rechte an Inhalten, Bildern, Fotos oder anderen Dateien auf der Website geh\u00f6ren ausschliesslich der Firma 3dworks oder den speziell genannten Rechtsinhabern. F\u00fcr die Reproduktion jeglicher Elemente ist die schriftliche Zustimmung der Urheberrechtstr\u00e4ger im Voraus einzuholen.<\/p>\n\n\n\n<h2 class=\"wp-block-heading\"><\/h2>\n","protected":false},"excerpt":{"rendered":"<p>Verwendung von Cookies Diese Website verwendet Cookies. Cookies sind kleine Textdateien, die beim Besuch dieser Website in Ihrem Computer dauerhaft oder tempor\u00e4r gespeichert werden. Zweck der<span class=\"excerpt-hellip\"> [\u2026]<\/span><\/p>\n","protected":false},"author":1,"featured_media":0,"parent":0,"menu_order":0,"comment_status":"closed","ping_status":"closed","template":"","meta":{"footnotes":""},"class_list":["post-58","page","type-page","status-publish","hentry"],"_links":{"self":[{"href":"https:\/\/3dworks.ch\/index.php\/wp-json\/wp\/v2\/pages\/58","targetHints":{"allow":["GET"]}}],"collection":[{"href":"https:\/\/3dworks.ch\/index.php\/wp-json\/wp\/v2\/pages"}],"about":[{"href":"https:\/\/3dworks.ch\/index.php\/wp-json\/wp\/v2\/types\/page"}],"author":[{"embeddable":true,"href":"https:\/\/3dworks.ch\/index.php\/wp-json\/wp\/v2\/users\/1"}],"replies":[{"embeddable":true,"href":"https:\/\/3dworks.ch\/index.php\/wp-json\/wp\/v2\/comments?post=58"}],"version-history":[{"count":3,"href":"https:\/\/3dworks.ch\/index.php\/wp-json\/wp\/v2\/pages\/58\/revisions"}],"predecessor-version":[{"id":100,"href":"https:\/\/3dworks.ch\/index.php\/wp-json\/wp\/v2\/pages\/58\/revisions\/100"}],"wp:attachment":[{"href":"https:\/\/3dworks.ch\/index.php\/wp-json\/wp\/v2\/media?parent=58"}],"curies":[{"name":"wp","href":"https:\/\/api.w.org\/{rel}","templated":true}]}}